{"id":1721,"date":"2023-12-26T08:43:51","date_gmt":"2023-12-26T07:43:51","guid":{"rendered":"https:\/\/www.iqa.co.at\/verein\/?page_id=1721"},"modified":"2025-10-01T09:34:10","modified_gmt":"2025-10-01T07:34:10","slug":"landessprecher","status":"publish","type":"page","link":"https:\/\/www.iqa.co.at\/verein\/landessprecher\/","title":{"rendered":"Landessprecher"},"content":{"rendered":"<p style=\"text-align: center;\"><img decoding=\"async\" class=\"alignnone size-full wp-image-7912\" src=\"https:\/\/www.iqa.co.at\/verein\/wp-content\/uploads\/2025\/09\/Florian_Wammel.jpg\" alt=\"\" width=\"200\" height=\"200\" srcset=\"https:\/\/www.iqa.co.at\/verein\/wp-content\/uploads\/2025\/09\/Florian_Wammel.jpg 200w, https:\/\/www.iqa.co.at\/verein\/wp-content\/uploads\/2025\/09\/Florian_Wammel-150x150.jpg 150w\" sizes=\"(max-width: 200px) 100vw, 200px\" \/><\/p>\n<h3 style=\"text-align: center;\">FLORIAN WAMMEL<\/h3>\n<pre style=\"text-align: center;\"><a title=\"Email an Florian Wammel\" role=\"menuitem\" href=\"mailto:florian.wammel@uniqa.at?subject=Bitte um Kontaktaufnahme\">\u00a0Florian Wammel<\/a>\n<a href=\"tel:+43(0)664 92 52 892\"> +43(0)664 92 52 892<\/a>\nWien<\/pre>\n<p style=\"text-align: center;\"><img decoding=\"async\" src=\"https:\/\/www.iqa.co.at\/verein\/wp-content\/uploads\/2023\/12\/blank1.jpg\" alt=\"\" width=\"200\" height=\"200\" \/><\/p>\n<h3 style=\"text-align: center;\">JAKOB DAIM<\/h3>\n<pre style=\"text-align: center;\"><a title=\"Email an Jakob Daim\" role=\"menuitem\" href=\"mailto:jakob.daim@uniqa.at?subject=Bitte%20um%20Kontaktaufnahme\"> Jakob Daim<\/a>\n<a href=\"tel:+43(0)664 19 09 351\"> +43(0)664 19 09 351<\/a>\nNieder\u00f6sterreich Nord<\/pre>\n<p style=\"text-align: center;\"><img decoding=\"async\" src=\"https:\/\/www.iqa.co.at\/verein\/wp-content\/uploads\/2025\/09\/Alexander_Bohrn.jpg\" alt=\"\" width=\"200\" height=\"200\" \/><\/p>\n<h3 style=\"text-align: center;\">ALEXANDER BOHRN<\/h3>\n<pre style=\"text-align: center;\"><a title=\"Email an Alexander Bohrn\" role=\"menuitem\" href=\"mailto:alexander.bohrn@uniqa.at?subject=Bitte%20um%20Kontaktaufnahme\"> Alexander Bohrn<\/a>\n<a href=\"tel:+43(0)699 12 79 7288\">  +43(0)699 12 79 7288<\/a>\nNieder\u00f6sterreich S\u00fcd<\/pre>\n<p style=\"text-align: center;\"><img loading=\"lazy\" decoding=\"async\" src=\"https:\/\/www.iqa.co.at\/verein\/wp-content\/uploads\/2023\/12\/img12.jpg\" alt=\"Gernot Mitterbauer\" width=\"200\" height=\"200\" \/><\/p>\n<h3 style=\"text-align: center;\">GERNOT MITTERBAUER<\/h3>\n<pre style=\"text-align: center;\"><a title=\"Email an Gernot Mitterbauer\" role=\"menuitem\" href=\"mailto:gernot.mitterbauer@uniqa.at?subject=Bitte%20um%20Kontaktaufnahme\"> Gernot Mitterbauer<\/a>\n<a href=\"tel:+43(0)664 34 24 972\">\u00a0 +43(0)664 34 24 972<\/a>\nOber\u00f6sterreich<\/pre>\n<p style=\"text-align: center;\"><img loading=\"lazy\" decoding=\"async\" src=\"https:\/\/www.iqa.co.at\/verein\/wp-content\/uploads\/2023\/12\/img04.jpg\" alt=\"\" width=\"200\" height=\"200\" \/><\/p>\n<h3 style=\"text-align: center;\">EWALD HOFER<\/h3>\n<pre style=\"text-align: center;\"><a title=\"Email an Ewald Hofer\" role=\"menuitem\" href=\"mailto:ewald.hofer@uniqa.at?subject=Bitte%20um%20Kontaktaufnahme\"> Ewald Hofer<\/a>\n<a href=\"tel:+43(0)664 10 21 504\"> +43(0)664 10 21 504<\/a>\nOber\u00f6sterreich<\/pre>\n<p style=\"text-align: center;\"><img loading=\"lazy\" decoding=\"async\" src=\"https:\/\/www.iqa.co.at\/verein\/wp-content\/uploads\/2025\/09\/Edlmann-Patric.jpg\" alt=\"\" width=\"200\" height=\"200\" \/><\/p>\n<h3 style=\"text-align: center;\">PATRIC EDLMANN<\/h3>\n<pre style=\"text-align: center;\"><a title=\"Email an Alfred Huber\" role=\"menuitem\" href=\"mailto:patric.edlmann@uniqa.at?subject=Bitte%20um%20Kontaktaufnahme\"> Patric Edlmann<\/a>\n<a href=\"tel:+43(0)664 8851 6882\"> +43(0)664 8851 6882<\/a>\nSalzburg<\/pre>\n<p style=\"text-align: center;\"><img loading=\"lazy\" decoding=\"async\" src=\"https:\/\/www.iqa.co.at\/verein\/wp-content\/uploads\/2023\/12\/img09.jpg\" alt=\"Michael Wostry\" width=\"200\" height=\"200\" \/><\/p>\n<h3 style=\"text-align: center;\">MICHAEL WOSTRY<\/h3>\n<pre style=\"text-align: center;\"><a title=\"Email an Michael Wostry\" role=\"menuitem\" href=\"mailto:michael.wostry@uniqa.at?subject=Bitte%20um%20Kontaktaufnahme\"> Michael Wostry<\/a>\n<a href=\"tel:+43(0)664 45 09 048\"> +43(0)664 45 09 048<\/a>\nSalzburg<\/pre>\n<p style=\"text-align: center;\"><img loading=\"lazy\" decoding=\"async\" src=\"https:\/\/www.iqa.co.at\/verein\/wp-content\/uploads\/2023\/12\/img05.jpg\" alt=\"Edgar Gius\" width=\"200\" height=\"200\" \/><\/p>\n<h3 style=\"text-align: center;\">EDGAR GIUS<\/h3>\n<pre style=\"text-align: center;\"><a title=\"Email an Edgar Gius\" role=\"menuitem\" href=\"mailto:edgar.gius@uniqa.at?subject=Bitte%20um%20Kontaktaufnahme\"> Edgar Gius<\/a>\n<a href=\"tel:+43(0)512 57 42 42\"> +43(0)512 57 42 42<\/a>\nTirol<\/pre>\n<p style=\"text-align: center;\"><img loading=\"lazy\" decoding=\"async\" src=\"https:\/\/www.iqa.co.at\/verein\/wp-content\/uploads\/2023\/12\/img18.jpg\" alt=\"\" width=\"200\" height=\"200\" \/><\/p>\n<h3 style=\"text-align: center;\">PATRICK KIESENEBNER<\/h3>\n<pre style=\"text-align: center;\"><a title=\"Email an Patrick Kiesenebner\" role=\"menuitem\" href=\"mailto:patrick.kiesenebner@uniqa.at?subject=Bitte%20um%20Kontaktaufnahme\"><i aria-hidden=\"true\"> <\/i>Patrick Kiesenebner<\/a>\n<a href=\"tel:+43(0) 676 92 95 887\"> +43(0)676 92 95 887<\/a>\nVorarlberg<\/pre>\n<p style=\"text-align: center;\"><img loading=\"lazy\" decoding=\"async\" src=\"https:\/\/www.iqa.co.at\/verein\/wp-content\/uploads\/2023\/12\/img19.jpg\" alt=\"J\u00fcrgen Konrad\" width=\"200\" height=\"200\" \/><\/p>\n<h3 style=\"text-align: center;\">J\u00dcRGEN KONRAD<\/h3>\n<pre style=\"text-align: center;\"><a title=\"Email an J\u00fcrgen Konrad\" role=\"menuitem\" href=\"mailto:juergen.konrad@uniqa.at?subject=Bitte%20um%20Kontaktaufnahme\"> J\u00fcrgen Konrad<\/a>\n<a href=\"tel:+43(0)664 21 28 253\"> +43(0)664 21 28 253<\/a>\nBurgenland<\/pre>\n<p style=\"text-align: center;\"><img loading=\"lazy\" decoding=\"async\" src=\"https:\/\/www.iqa.co.at\/verein\/wp-content\/uploads\/2023\/12\/img11.jpg\" alt=\"Rudolf Singer\" width=\"200\" height=\"200\" \/><\/p>\n<h3 style=\"text-align: center;\">RUDOLF SINGER<\/h3>\n<pre style=\"text-align: center;\"><a title=\"Email an Rudolf Singer\" role=\"menuitem\" href=\"mailto:rudolf.singer@uniqa.at?subject=Bitte%20um%20Kontaktaufnahme\"> Rudolf Singer<\/a>\n<a href=\"tel:+43(0)664 42 84 546\"> +43(0)664 42 84 546<\/a>\nK\u00e4rnten<\/pre>\n<p style=\"text-align: center;\"><img loading=\"lazy\" decoding=\"async\" src=\"https:\/\/www.iqa.co.at\/verein\/wp-content\/uploads\/2023\/12\/img17.jpg\" alt=\"Manuel Matschnig\" width=\"200\" height=\"200\" \/><\/p>\n<h3 style=\"text-align: center;\">MANUEL MATSCHNIG<\/h3>\n<pre style=\"text-align: center;\"><a title=\"Email an Manuel Matschnig\" role=\"menuitem\" href=\"mailto:manuel.matschnig@uniqa.at?subject=Bitte%20um%20Kontaktaufnahme\"> Manuel Matschnig<\/a>\n<a href=\"tel:+43(0)664 20 33 163\"> +43(0)664 20 33 163<\/a>\nK\u00e4rnten<\/pre>\n<p style=\"text-align: center;\"><img loading=\"lazy\" decoding=\"async\" src=\"https:\/\/www.iqa.co.at\/verein\/wp-content\/uploads\/2023\/12\/img16.jpg\" alt=\"Robert Reitbauer\" width=\"200\" height=\"200\" \/><\/p>\n<h3 style=\"text-align: center;\">ROBERT REITBAUER<\/h3>\n<pre style=\"text-align: center;\"><a title=\"Email an Robert Reitbauer\" role=\"menuitem\" href=\"mailto:robert.reitbauer@uniqa.at?subject=Bitte%20um%20Kontaktaufnahme\"> Robert Reitbauer<\/a>\n<a href=\"tel:+43(0)664 823 24 25\"> +43(0)664 823 24 25<\/a>\nSteiermark<\/pre>\n<p style=\"text-align: center;\"><img loading=\"lazy\" decoding=\"async\" src=\"https:\/\/www.iqa.co.at\/verein\/wp-content\/uploads\/2025\/01\/Johann_Ritzinger.jpg\" alt=\"\" width=\"200\" height=\"200\" \/><\/p>\n<h3 style=\"text-align: center;\">JOHANN RITZINGER<\/h3>\n<pre style=\"text-align: center;\"><a title=\"Email an Manuel Matschnig\" role=\"menuitem\" href=\"mailto:johann.ritzinger@uniqa.at?subject=Bitte%20um%20Kontaktaufnahme\"> Johann Ritzinger<\/a>\n<a href=\"tel:+43(0)699 137 36 845\"> +43(0)699 137 36 845<\/a>\nSteiermark<\/pre>\n","protected":false},"excerpt":{"rendered":"<p>FLORIAN WAMMEL \u00a0Florian Wammel +43(0)664 92 52 892 Wien JAKOB DAIM Jakob Daim +43(0)664 19 09 351 Nieder\u00f6sterreich Nord ALEXANDER BOHRN Alexander Bohrn +43(0)699 12 79 7288 Nieder\u00f6sterreich S\u00fcd GERNOT MITTERBAUER Gernot Mitterbauer \u00a0 +43(0)664 34 24 972 Ober\u00f6sterreich EWALD HOFER Ewald Hofer +43(0)664 10 21 504 Ober\u00f6sterreich PATRIC EDLMANN Patric Edlmann +43(0)664 8851 6882 [&hellip;]<\/p>\n","protected":false},"author":1,"featured_media":0,"parent":0,"menu_order":0,"comment_status":"closed","ping_status":"closed","template":"","meta":{"footnotes":""},"class_list":["post-1721","page","type-page","status-publish","hentry"],"_links":{"self":[{"href":"https:\/\/www.iqa.co.at\/verein\/wp-json\/wp\/v2\/pages\/1721","targetHints":{"allow":["GET"]}}],"collection":[{"href":"https:\/\/www.iqa.co.at\/verein\/wp-json\/wp\/v2\/pages"}],"about":[{"href":"https:\/\/www.iqa.co.at\/verein\/wp-json\/wp\/v2\/types\/page"}],"author":[{"embeddable":true,"href":"https:\/\/www.iqa.co.at\/verein\/wp-json\/wp\/v2\/users\/1"}],"replies":[{"embeddable":true,"href":"https:\/\/www.iqa.co.at\/verein\/wp-json\/wp\/v2\/comments?post=1721"}],"version-history":[{"count":1,"href":"https:\/\/www.iqa.co.at\/verein\/wp-json\/wp\/v2\/pages\/1721\/revisions"}],"predecessor-version":[{"id":7918,"href":"https:\/\/www.iqa.co.at\/verein\/wp-json\/wp\/v2\/pages\/1721\/revisions\/7918"}],"wp:attachment":[{"href":"https:\/\/www.iqa.co.at\/verein\/wp-json\/wp\/v2\/media?parent=1721"}],"curies":[{"name":"wp","href":"https:\/\/api.w.org\/{rel}","templated":true}]}}