{"id":1927,"date":"2023-12-26T20:22:04","date_gmt":"2023-12-26T19:22:04","guid":{"rendered":"https:\/\/www.iqa.co.at\/verein\/?page_id=1927"},"modified":"2025-08-05T11:01:29","modified_gmt":"2025-08-05T09:01:29","slug":"vereinsvorstand","status":"publish","type":"page","link":"https:\/\/www.iqa.co.at\/verein\/vereinsvorstand\/","title":{"rendered":"Vereinsvorstand"},"content":{"rendered":"\t\t<div data-elementor-type=\"wp-page\" data-elementor-id=\"1927\" class=\"elementor elementor-1927\">\n\t\t\t\t<div class=\"elementor-element elementor-element-481c195 e-flex e-con-boxed e-con e-parent\" data-id=\"481c195\" data-element_type=\"container\" data-e-type=\"container\">\n\t\t\t\t\t<div class=\"e-con-inner\">\n\t\t<div class=\"elementor-element elementor-element-f1b1e43 e-flex e-con-boxed e-con e-child\" data-id=\"f1b1e43\" data-element_type=\"container\" data-e-type=\"container\">\n\t\t\t\t\t<div class=\"e-con-inner\">\n\t\t\t\t<div class=\"elementor-element elementor-element-2727a03 elementor-widget elementor-widget-text-editor\" data-id=\"2727a03\" data-element_type=\"widget\" data-e-type=\"widget\" data-widget_type=\"text-editor.default\">\n\t\t\t\t<div class=\"elementor-widget-container\">\n\t\t\t\t\t\t\t\t\t<p style=\"text-align: center;\"><img decoding=\"async\" class=\"alignnone size-full wp-image-1645\" src=\"https:\/\/www.iqa.co.at\/verein\/wp-content\/uploads\/2023\/12\/img14.jpg\" alt=\"Alfred Huber\" width=\"200\" height=\"200\" srcset=\"https:\/\/www.iqa.co.at\/verein\/wp-content\/uploads\/2023\/12\/img14.jpg 200w, https:\/\/www.iqa.co.at\/verein\/wp-content\/uploads\/2023\/12\/img14-150x150.jpg 150w\" sizes=\"(max-width: 200px) 100vw, 200px\" \/><\/p><h3 style=\"text-align: center;\">PR\u00c4SIDENT<\/h3><pre style=\"text-align: center;\"><a title=\"Email an Alfred Huber\" role=\"menuitem\" href=\"mailto:alfred.huber@uniqa.at?subject=Bitte%20um%20Kontaktaufnahme\"><i class=\"fa fa-envelope\" aria-hidden=\"true\"><\/i> Alfred Huber<\/a>\n<a href=\"tel:+43(0)662 42 42 32\"><i class=\"fa fa-phone fa-rotate-180\" aria-hidden=\"true\"><\/i> +43(0)662 42 42 32<\/a><br \/>Salzburg<\/pre>\t\t\t\t\t\t\t\t<\/div>\n\t\t\t\t<\/div>\n\t\t\t\t\t<\/div>\n\t\t\t\t<\/div>\n\t\t<div class=\"elementor-element elementor-element-21d091c e-con-full e-flex e-con e-child\" data-id=\"21d091c\" data-element_type=\"container\" data-e-type=\"container\">\n\t\t\t\t<div class=\"elementor-element elementor-element-a5ecf7b elementor-widget elementor-widget-text-editor\" data-id=\"a5ecf7b\" data-element_type=\"widget\" data-e-type=\"widget\" data-widget_type=\"text-editor.default\">\n\t\t\t\t<div class=\"elementor-widget-container\">\n\t\t\t\t\t\t\t\t\t<p style=\"text-align: center;\"><img decoding=\"async\" class=\"alignnone size-full wp-image-1639\" src=\"https:\/\/www.iqa.co.at\/verein\/wp-content\/uploads\/2023\/12\/img05.jpg\" alt=\"Edgar Gius\" width=\"200\" height=\"200\" srcset=\"https:\/\/www.iqa.co.at\/verein\/wp-content\/uploads\/2023\/12\/img05.jpg 200w, https:\/\/www.iqa.co.at\/verein\/wp-content\/uploads\/2023\/12\/img05-150x150.jpg 150w\" sizes=\"(max-width: 200px) 100vw, 200px\" \/><\/p>\n<h3 style=\"text-align: center;\">PR\u00c4SIDENT STV.<\/h3>\n<pre style=\"text-align: center;\"><a title=\"Email an Edgar Gius\" role=\"menuitem\" href=\"mailto:edgar.gius@uniqa.at?subject=Bitte%20um%20Kontaktaufnahme\"><i class=\"fa fa-envelope\" aria-hidden=\"true\"><\/i> Edgar Gius<\/a>\n<a href=\"tel:+43(0)512 57 42 42\"><i class=\"fa fa-phone fa-rotate-180\" aria-hidden=\"true\"><\/i> +43(0)512 57 42 42<\/a><br>Tirol<\/pre>\t\t\t\t\t\t\t\t<\/div>\n\t\t\t\t<\/div>\n\t\t\t\t<\/div>\n\t\t<div class=\"elementor-element elementor-element-a9dce42 e-con-full e-flex e-con e-child\" data-id=\"a9dce42\" data-element_type=\"container\" data-e-type=\"container\">\n\t\t\t\t<div class=\"elementor-element elementor-element-6ec7dc6 elementor-widget elementor-widget-text-editor\" data-id=\"6ec7dc6\" data-element_type=\"widget\" data-e-type=\"widget\" data-widget_type=\"text-editor.default\">\n\t\t\t\t<div class=\"elementor-widget-container\">\n\t\t\t\t\t\t\t\t\t<p style=\"text-align: center;\"><img decoding=\"async\" class=\"alignnone size-full wp-image-1638\" src=\"https:\/\/www.iqa.co.at\/verein\/wp-content\/uploads\/2023\/12\/img04.jpg\" alt=\"\" width=\"200\" height=\"200\" srcset=\"https:\/\/www.iqa.co.at\/verein\/wp-content\/uploads\/2023\/12\/img04.jpg 200w, https:\/\/www.iqa.co.at\/verein\/wp-content\/uploads\/2023\/12\/img04-150x150.jpg 150w\" sizes=\"(max-width: 200px) 100vw, 200px\" \/><\/p><h3 style=\"text-align: center;\">PR\u00c4SIDENT STV.<\/h3><pre style=\"text-align: center;\"><a title=\"Email an Ewald Hofer\" role=\"menuitem\" href=\"mailto:ewald.hofer@uniqa.at?subject=Bitte%20um%20Kontaktaufnahme\"><i class=\"fa fa-envelope\" aria-hidden=\"true\"><\/i> Ewald Hofer<\/a>\n<a href=\"tel:+43(0)664 10 21 504\"><i class=\"fa fa-phone fa-rotate-180\" aria-hidden=\"true\"><\/i> +43(0)664 10 21 504<\/a>\nOber\u00f6sterreich<\/pre>\t\t\t\t\t\t\t\t<\/div>\n\t\t\t\t<\/div>\n\t\t\t\t<\/div>\n\t\t<div class=\"elementor-element elementor-element-736e245 e-con-full e-flex e-con e-child\" data-id=\"736e245\" data-element_type=\"container\" data-e-type=\"container\">\n\t\t\t\t<div class=\"elementor-element elementor-element-7b41226 elementor-widget elementor-widget-text-editor\" data-id=\"7b41226\" data-element_type=\"widget\" data-e-type=\"widget\" data-widget_type=\"text-editor.default\">\n\t\t\t\t<div class=\"elementor-widget-container\">\n\t\t\t\t\t\t\t\t\t<p style=\"text-align: center;\"><img loading=\"lazy\" decoding=\"async\" class=\"alignleft wp-image-7613\" src=\"https:\/\/www.iqa.co.at\/verein\/wp-content\/uploads\/2025\/04\/rounded_corners-1-150x150.jpg\" alt=\"\" width=\"200\" height=\"200\" srcset=\"https:\/\/www.iqa.co.at\/verein\/wp-content\/uploads\/2025\/04\/rounded_corners-1-150x150.jpg 150w, https:\/\/www.iqa.co.at\/verein\/wp-content\/uploads\/2025\/04\/rounded_corners-1.jpg 200w\" sizes=\"(max-width: 200px) 100vw, 200px\" \/><\/p><h3 style=\"text-align: center;\">SCHRIFTF\u00dcHRER \/ KASSIER<\/h3><pre style=\"text-align: center;\"><a title=\"Email an Helmut Scheinecker\" role=\"menuitem\" href=\"mailto:helmut.scheinecker@iqa.co.at?subject=Bitte%20um%20Kontaktaufnahme\"><i class=\"fa fa-envelope\" aria-hidden=\"true\"><\/i> Helmut Scheinecker<\/a>\n<a href=\"tel:+43(0)664 16 18 540\"><i class=\"fa fa-phone fa-rotate-180\" aria-hidden=\"true\"><\/i> +43(0)664 16 18 540<\/a>\nOber\u00f6sterreich<\/pre>\t\t\t\t\t\t\t\t<\/div>\n\t\t\t\t<\/div>\n\t\t\t\t<\/div>\n\t\t<div class=\"elementor-element elementor-element-9431e89 e-con-full e-flex e-con e-child\" data-id=\"9431e89\" data-element_type=\"container\" data-e-type=\"container\">\n\t\t\t\t<div class=\"elementor-element elementor-element-23f9a4d elementor-widget elementor-widget-text-editor\" data-id=\"23f9a4d\" data-element_type=\"widget\" data-e-type=\"widget\" data-widget_type=\"text-editor.default\">\n\t\t\t\t<div class=\"elementor-widget-container\">\n\t\t\t\t\t\t\t\t\t<p style=\"text-align: center;\"><img loading=\"lazy\" decoding=\"async\" class=\"alignnone size-full wp-image-1648\" src=\"https:\/\/www.iqa.co.at\/verein\/wp-content\/uploads\/2023\/12\/img17.jpg\" alt=\"Manuel Matschnig\" width=\"200\" height=\"200\" srcset=\"https:\/\/www.iqa.co.at\/verein\/wp-content\/uploads\/2023\/12\/img17.jpg 200w, https:\/\/www.iqa.co.at\/verein\/wp-content\/uploads\/2023\/12\/img17-150x150.jpg 150w\" sizes=\"(max-width: 200px) 100vw, 200px\" \/><\/p><h3 style=\"text-align: center;\">KASSIER \/STELLVERTRETER<\/h3><pre style=\"text-align: center;\"><a title=\"Email an Manuel Matschnig\" role=\"menuitem\" href=\"mailto:manuel.matschnig@uniqa.at?subject=Bitte%20um%20Kontaktaufnahme\"><i class=\"fa fa-envelope\" aria-hidden=\"true\"><\/i> Manuel Matschnig<\/a>\n<a href=\"tel:+43(0)664 20 33 163\"><i class=\"fa fa-phone fa-rotate-180\" aria-hidden=\"true\"><\/i> +43(0)664 20 33 163<\/a>\nK\u00e4rnten<\/pre>\t\t\t\t\t\t\t\t<\/div>\n\t\t\t\t<\/div>\n\t\t\t\t<\/div>\n\t\t<div class=\"elementor-element elementor-element-6931d3e e-flex e-con-boxed e-con e-child\" data-id=\"6931d3e\" data-element_type=\"container\" data-e-type=\"container\">\n\t\t\t\t\t<div class=\"e-con-inner\">\n\t\t\t\t\t<\/div>\n\t\t\t\t<\/div>\n\t\t\t\t\t<\/div>\n\t\t\t\t<\/div>\n\t\t<div class=\"elementor-element elementor-element-29a8ef6 e-flex e-con-boxed e-con e-parent\" data-id=\"29a8ef6\" data-element_type=\"container\" data-e-type=\"container\">\n\t\t\t\t\t<div class=\"e-con-inner\">\n\t\t<div class=\"elementor-element elementor-element-ad0b6ce e-con-full e-flex e-con e-child\" data-id=\"ad0b6ce\" data-element_type=\"container\" data-e-type=\"container\">\n\t\t\t\t<\/div>\n\t\t<div class=\"elementor-element elementor-element-6f65fa3 e-con-full e-flex e-con e-child\" data-id=\"6f65fa3\" data-element_type=\"container\" data-e-type=\"container\">\n\t\t\t\t<\/div>\n\t\t\t\t\t<\/div>\n\t\t\t\t<\/div>\n\t\t\t\t<\/div>\n\t\t","protected":false},"excerpt":{"rendered":"<p>PR\u00c4SIDENT Alfred Huber +43(0)662 42 42 32Salzburg PR\u00c4SIDENT STV. Edgar Gius +43(0)512 57 42 42Tirol PR\u00c4SIDENT STV. Ewald Hofer +43(0)664 10 21 504 Ober\u00f6sterreich SCHRIFTF\u00dcHRER \/ KASSIER Helmut Scheinecker +43(0)664 16 18 540 Ober\u00f6sterreich KASSIER \/STELLVERTRETER Manuel Matschnig +43(0)664 20 33 163 K\u00e4rnten<\/p>\n","protected":false},"author":1,"featured_media":0,"parent":0,"menu_order":0,"comment_status":"closed","ping_status":"closed","template":"","meta":{"footnotes":""},"class_list":["post-1927","page","type-page","status-publish","hentry"],"_links":{"self":[{"href":"https:\/\/www.iqa.co.at\/verein\/wp-json\/wp\/v2\/pages\/1927","targetHints":{"allow":["GET"]}}],"collection":[{"href":"https:\/\/www.iqa.co.at\/verein\/wp-json\/wp\/v2\/pages"}],"about":[{"href":"https:\/\/www.iqa.co.at\/verein\/wp-json\/wp\/v2\/types\/page"}],"author":[{"embeddable":true,"href":"https:\/\/www.iqa.co.at\/verein\/wp-json\/wp\/v2\/users\/1"}],"replies":[{"embeddable":true,"href":"https:\/\/www.iqa.co.at\/verein\/wp-json\/wp\/v2\/comments?post=1927"}],"version-history":[{"count":1,"href":"https:\/\/www.iqa.co.at\/verein\/wp-json\/wp\/v2\/pages\/1927\/revisions"}],"predecessor-version":[{"id":7741,"href":"https:\/\/www.iqa.co.at\/verein\/wp-json\/wp\/v2\/pages\/1927\/revisions\/7741"}],"wp:attachment":[{"href":"https:\/\/www.iqa.co.at\/verein\/wp-json\/wp\/v2\/media?parent=1927"}],"curies":[{"name":"wp","href":"https:\/\/api.w.org\/{rel}","templated":true}]}}