{"id":6423,"date":"2024-12-18T00:00:36","date_gmt":"2024-12-17T23:00:36","guid":{"rendered":"https:\/\/www.iqa.co.at\/test\/?page_id=2001"},"modified":"2025-12-29T10:25:31","modified_gmt":"2025-12-29T09:25:31","slug":"willkommen","status":"publish","type":"page","link":"https:\/\/www.iqa.co.at\/verein\/","title":{"rendered":"Herzlich Willkommen"},"content":{"rendered":"\t\t<div data-elementor-type=\"wp-page\" data-elementor-id=\"6423\" class=\"elementor elementor-6423\">\n\t\t\t\t<div class=\"elementor-element elementor-element-e180625 e-flex e-con-boxed e-con e-parent\" data-id=\"e180625\" data-element_type=\"container\" data-e-type=\"container\">\n\t\t\t\t\t<div class=\"e-con-inner\">\n\t\t\t\t<div class=\"elementor-element elementor-element-698d6f3 elementor-widget elementor-widget-text-editor\" data-id=\"698d6f3\" data-element_type=\"widget\" data-e-type=\"widget\" data-widget_type=\"text-editor.default\">\n\t\t\t\t<div class=\"elementor-widget-container\">\n\t\t\t\t\t\t\t\t\t<h1 style=\"text-align: center;\"><strong><span style=\"color: #7a7a7a;\">IQA steht f\u00fcr&#8230;<\/span><\/strong><\/h1>\t\t\t\t\t\t\t\t<\/div>\n\t\t\t\t<\/div>\n\t\t\t\t\t<\/div>\n\t\t\t\t<\/div>\n\t\t<div class=\"elementor-element elementor-element-1cef0a3 e-flex e-con-boxed e-con e-parent\" data-id=\"1cef0a3\" data-element_type=\"container\" data-e-type=\"container\">\n\t\t\t\t\t<div class=\"e-con-inner\">\n\t\t\t\t<div class=\"elementor-element elementor-element-8fc3422 elementor-widget elementor-widget-spacer\" data-id=\"8fc3422\" data-element_type=\"widget\" data-e-type=\"widget\" data-widget_type=\"spacer.default\">\n\t\t\t\t<div class=\"elementor-widget-container\">\n\t\t\t\t\t\t\t<div class=\"elementor-spacer\">\n\t\t\t<div class=\"elementor-spacer-inner\"><\/div>\n\t\t<\/div>\n\t\t\t\t\t\t<\/div>\n\t\t\t\t<\/div>\n\t\t\t\t\t<\/div>\n\t\t\t\t<\/div>\n\t\t<div class=\"elementor-element elementor-element-085c5b0 e-flex e-con-boxed e-con e-parent\" data-id=\"085c5b0\" data-element_type=\"container\" data-e-type=\"container\">\n\t\t\t\t\t<div class=\"e-con-inner\">\n\t\t\t\t<div class=\"elementor-element elementor-element-0218e2c elementor-widget elementor-widget-text-editor\" data-id=\"0218e2c\" data-element_type=\"widget\" data-e-type=\"widget\" data-widget_type=\"text-editor.default\">\n\t\t\t\t<div class=\"elementor-widget-container\">\n\t\t\t\t\t\t\t\t\t<h4>Gemeinsames Auftreten f\u00fcr Interessen und Forderungen gegen\u00fcber den Vertragspartnern.<\/h4><h4>Unterst\u00fctzung<\/h4><ul><li><h4>bei Agenturgr\u00fcndung (z.B. Vertragsmodalit\u00e4ten)<\/h4><\/li><li><h4>bei der Einstellung von PartneragentInnen<\/h4><\/li><li><h4>f\u00fcr NeueinsteigerInnen<\/h4><\/li><li><h4>Wir geben UNIQA Feedback zu geplanten \/ durchgef\u00fchrten <br \/>Produktneuerungen \/ Vertrags\u00e4nderungen<\/h4><\/li><\/ul><div><h4>Erfahrungs- und Wissensaustausch zwischen den Mitgliedern<\/h4><h4>Regelm\u00e4\u00dfige Information der Mitglieder via Newsletter und Online<\/h4><\/div>\t\t\t\t\t\t\t\t<\/div>\n\t\t\t\t<\/div>\n\t\t\t\t\t<\/div>\n\t\t\t\t<\/div>\n\t\t<div class=\"elementor-element elementor-element-ecef49d e-flex e-con-boxed e-con e-parent\" data-id=\"ecef49d\" data-element_type=\"container\" data-e-type=\"container\">\n\t\t\t\t\t<div class=\"e-con-inner\">\n\t\t\t\t<div class=\"elementor-element elementor-element-757200b elementor-widget elementor-widget-spacer\" data-id=\"757200b\" data-element_type=\"widget\" data-e-type=\"widget\" data-widget_type=\"spacer.default\">\n\t\t\t\t<div class=\"elementor-widget-container\">\n\t\t\t\t\t\t\t<div class=\"elementor-spacer\">\n\t\t\t<div class=\"elementor-spacer-inner\"><\/div>\n\t\t<\/div>\n\t\t\t\t\t\t<\/div>\n\t\t\t\t<\/div>\n\t\t\t\t\t<\/div>\n\t\t\t\t<\/div>\n\t\t<div class=\"elementor-element elementor-element-7146519 e-flex e-con-boxed e-con e-parent\" data-id=\"7146519\" data-element_type=\"container\" data-e-type=\"container\" data-settings=\"{&quot;background_background&quot;:&quot;gradient&quot;}\">\n\t\t\t\t\t<div class=\"e-con-inner\">\n\t\t\t\t<div class=\"elementor-element elementor-element-12c3a3c elementor-widget elementor-widget-text-editor\" data-id=\"12c3a3c\" data-element_type=\"widget\" data-e-type=\"widget\" data-widget_type=\"text-editor.default\">\n\t\t\t\t<div class=\"elementor-widget-container\">\n\t\t\t\t\t\t\t\t\t<h1 style=\"text-align: center;\"><strong><span style=\"color: #7a7a7a;\">Ziel des Vereins (&#8230; das 3 Gewinner Prinzip)<\/span><\/strong><\/h1>\t\t\t\t\t\t\t\t<\/div>\n\t\t\t\t<\/div>\n\t\t\t\t\t<\/div>\n\t\t\t\t<\/div>\n\t\t<div class=\"elementor-element elementor-element-62a4b32 e-flex e-con-boxed e-con e-parent\" data-id=\"62a4b32\" data-element_type=\"container\" data-e-type=\"container\">\n\t\t\t\t\t<div class=\"e-con-inner\">\n\t\t\t\t<div class=\"elementor-element elementor-element-66c86f5 elementor-widget elementor-widget-spacer\" data-id=\"66c86f5\" data-element_type=\"widget\" data-e-type=\"widget\" data-widget_type=\"spacer.default\">\n\t\t\t\t<div class=\"elementor-widget-container\">\n\t\t\t\t\t\t\t<div class=\"elementor-spacer\">\n\t\t\t<div class=\"elementor-spacer-inner\"><\/div>\n\t\t<\/div>\n\t\t\t\t\t\t<\/div>\n\t\t\t\t<\/div>\n\t\t\t\t\t<\/div>\n\t\t\t\t<\/div>\n\t\t<div class=\"elementor-element elementor-element-a7d2a18 e-flex e-con-boxed e-con e-parent\" data-id=\"a7d2a18\" data-element_type=\"container\" data-e-type=\"container\">\n\t\t\t\t\t<div class=\"e-con-inner\">\n\t\t\t\t<div class=\"elementor-element elementor-element-1d21735 elementor-widget elementor-widget-image\" data-id=\"1d21735\" data-element_type=\"widget\" data-e-type=\"widget\" data-widget_type=\"image.default\">\n\t\t\t\t<div class=\"elementor-widget-container\">\n\t\t\t\t\t\t\t\t\t\t\t\t\t\t\t<img fetchpriority=\"high\" decoding=\"async\" width=\"442\" height=\"364\" src=\"https:\/\/www.iqa.co.at\/verein\/wp-content\/uploads\/2023\/12\/iqa_logo.png\" class=\"attachment-large size-large wp-image-1591\" alt=\"\" \/>\t\t\t\t\t\t\t\t\t\t\t\t\t\t\t<\/div>\n\t\t\t\t<\/div>\n\t\t\t\t\t<\/div>\n\t\t\t\t<\/div>\n\t\t<div class=\"elementor-element elementor-element-923666c e-flex e-con-boxed e-con e-parent\" data-id=\"923666c\" data-element_type=\"container\" data-e-type=\"container\">\n\t\t\t\t\t<div class=\"e-con-inner\">\n\t\t\t\t<div class=\"elementor-element elementor-element-84b36d5 elementor-widget elementor-widget-spacer\" data-id=\"84b36d5\" data-element_type=\"widget\" data-e-type=\"widget\" data-widget_type=\"spacer.default\">\n\t\t\t\t<div class=\"elementor-widget-container\">\n\t\t\t\t\t\t\t<div class=\"elementor-spacer\">\n\t\t\t<div class=\"elementor-spacer-inner\"><\/div>\n\t\t<\/div>\n\t\t\t\t\t\t<\/div>\n\t\t\t\t<\/div>\n\t\t\t\t\t<\/div>\n\t\t\t\t<\/div>\n\t\t<div class=\"elementor-element elementor-element-d15f85a e-flex e-con-boxed e-con e-parent\" data-id=\"d15f85a\" data-element_type=\"container\" data-e-type=\"container\" data-settings=\"{&quot;background_background&quot;:&quot;gradient&quot;}\">\n\t\t\t\t\t<div class=\"e-con-inner\">\n\t\t\t\t<div class=\"elementor-element elementor-element-518d6e6 elementor-widget elementor-widget-text-editor\" data-id=\"518d6e6\" data-element_type=\"widget\" data-e-type=\"widget\" data-widget_type=\"text-editor.default\">\n\t\t\t\t<div class=\"elementor-widget-container\">\n\t\t\t\t\t\t\t\t\t<h1 style=\"text-align: center;\"><strong><span style=\"color: #7a7a7a;\">IQA vertritt Sie&#8230;<\/span><\/strong><\/h1>\t\t\t\t\t\t\t\t<\/div>\n\t\t\t\t<\/div>\n\t\t\t\t\t<\/div>\n\t\t\t\t<\/div>\n\t\t<div class=\"elementor-element elementor-element-5e8fd69 e-flex e-con-boxed e-con e-parent\" data-id=\"5e8fd69\" data-element_type=\"container\" data-e-type=\"container\">\n\t\t\t\t\t<div class=\"e-con-inner\">\n\t\t\t\t<div class=\"elementor-element elementor-element-ce77023 elementor-widget elementor-widget-spacer\" data-id=\"ce77023\" data-element_type=\"widget\" data-e-type=\"widget\" data-widget_type=\"spacer.default\">\n\t\t\t\t<div class=\"elementor-widget-container\">\n\t\t\t\t\t\t\t<div class=\"elementor-spacer\">\n\t\t\t<div class=\"elementor-spacer-inner\"><\/div>\n\t\t<\/div>\n\t\t\t\t\t\t<\/div>\n\t\t\t\t<\/div>\n\t\t\t\t\t<\/div>\n\t\t\t\t<\/div>\n\t\t<div class=\"elementor-element elementor-element-d803e8c e-flex e-con-boxed e-con e-parent\" data-id=\"d803e8c\" data-element_type=\"container\" data-e-type=\"container\">\n\t\t\t\t\t<div class=\"e-con-inner\">\n\t\t\t\t<div class=\"elementor-element elementor-element-53e9778 elementor-widget elementor-widget-text-editor\" data-id=\"53e9778\" data-element_type=\"widget\" data-e-type=\"widget\" data-widget_type=\"text-editor.default\">\n\t\t\t\t<div class=\"elementor-widget-container\">\n\t\t\t\t\t\t\t\t\t<h4 style=\"text-align: center;\">in pers\u00f6nlichen Verhandlungspunkten durch ein kompetentes, erfahrenes Team<\/h4><h4 style=\"text-align: center;\">\u00a0<\/h4><h4 style=\"text-align: center;\"><strong>IQA \u2013 seit \u00fcber 30 Jahren erfolgreich f\u00fcr Sie im Einsatz<\/strong><\/h4>\t\t\t\t\t\t\t\t<\/div>\n\t\t\t\t<\/div>\n\t\t\t\t\t<\/div>\n\t\t\t\t<\/div>\n\t\t<div class=\"elementor-element elementor-element-80a6e72 e-flex e-con-boxed e-con e-parent\" data-id=\"80a6e72\" data-element_type=\"container\" data-e-type=\"container\">\n\t\t\t\t\t<div class=\"e-con-inner\">\n\t\t\t\t<div class=\"elementor-element elementor-element-d153990 elementor-widget elementor-widget-spacer\" data-id=\"d153990\" data-element_type=\"widget\" data-e-type=\"widget\" data-widget_type=\"spacer.default\">\n\t\t\t\t<div class=\"elementor-widget-container\">\n\t\t\t\t\t\t\t<div class=\"elementor-spacer\">\n\t\t\t<div class=\"elementor-spacer-inner\"><\/div>\n\t\t<\/div>\n\t\t\t\t\t\t<\/div>\n\t\t\t\t<\/div>\n\t\t\t\t\t<\/div>\n\t\t\t\t<\/div>\n\t\t<div class=\"elementor-element elementor-element-9212d7f e-flex e-con-boxed e-con e-parent\" data-id=\"9212d7f\" data-element_type=\"container\" data-e-type=\"container\">\n\t\t\t\t\t<div class=\"e-con-inner\">\n\t\t\t\t<div class=\"elementor-element elementor-element-7e24e9e elementor-widget elementor-widget-text-editor\" data-id=\"7e24e9e\" data-element_type=\"widget\" data-e-type=\"widget\" data-widget_type=\"text-editor.default\">\n\t\t\t\t<div class=\"elementor-widget-container\">\n\t\t\t\t\t\t\t\t\t<h1 style=\"text-align: center;\"><strong><span style=\"color: #7a7a7a;\">Wir freuen uns auf Sie&#8230;<\/span><\/strong><\/h1>\t\t\t\t\t\t\t\t<\/div>\n\t\t\t\t<\/div>\n\t\t\t\t\t<\/div>\n\t\t\t\t<\/div>\n\t\t<div class=\"elementor-element elementor-element-321559a e-flex e-con-boxed e-con e-parent\" data-id=\"321559a\" data-element_type=\"container\" data-e-type=\"container\">\n\t\t\t\t\t<div class=\"e-con-inner\">\n\t\t\t\t<div class=\"elementor-element elementor-element-a8fd445 elementor-widget elementor-widget-spacer\" data-id=\"a8fd445\" data-element_type=\"widget\" data-e-type=\"widget\" data-widget_type=\"spacer.default\">\n\t\t\t\t<div class=\"elementor-widget-container\">\n\t\t\t\t\t\t\t<div class=\"elementor-spacer\">\n\t\t\t<div class=\"elementor-spacer-inner\"><\/div>\n\t\t<\/div>\n\t\t\t\t\t\t<\/div>\n\t\t\t\t<\/div>\n\t\t\t\t\t<\/div>\n\t\t\t\t<\/div>\n\t\t<div class=\"elementor-element elementor-element-c524965 e-flex e-con-boxed e-con e-parent\" data-id=\"c524965\" data-element_type=\"container\" data-e-type=\"container\">\n\t\t\t\t\t<div class=\"e-con-inner\">\n\t\t\t\t<div class=\"elementor-element elementor-element-8a69ea6 elementor-widget elementor-widget-text-editor\" data-id=\"8a69ea6\" data-element_type=\"widget\" data-e-type=\"widget\" data-widget_type=\"text-editor.default\">\n\t\t\t\t<div class=\"elementor-widget-container\">\n\t\t\t\t\t\t\t\t\t<div>\n<h3 style=\"font-family: Seaweed, cursive; text-align: center;\"><strong>\u201eHerausfordernde Zeiten\nverlangen nach\ngemeinsamer St\u00e4rke!\u201d<\/strong><\/h3>\n<div><span style=\"color: #7a7a7a;\">\u00a0<\/span><\/div>\n<h4 id=\"m\" style=\"text-align: center;\"><span style=\"color: #7a7a7a;\">deshalb sollten\u00a0<span style=\"color: #ff0000;\"><a style=\"color: #ff0000;\" title=\"Formulare\" href=\"https:\/\/www.iqa.co.at\/verein\/formulare\/\" target=\"_blank\" rel=\"noopener\"><u>Sie<\/u><\/a>\u00a0<span style=\"color: #7a7a7a;\">sich<\/span><\/span>, als Agentur solidarisch zum\u00a0<a style=\"color: #7a7a7a;\" title=\"Formulare\" href=\"https:\/\/www.iqa.co.at\/verein\/formulare\/\" target=\"_blank\" rel=\"noopener\" download=\"\"><u>Beitritt<\/u><\/a>\u00a0erkl\u00e4ren<\/span><\/h4>\n<\/div>\n\t\t\t\t\t\t\t\t<\/div>\n\t\t\t\t<\/div>\n\t\t\t\t\t<\/div>\n\t\t\t\t<\/div>\n\t\t\t\t<\/div>\n\t\t","protected":false},"excerpt":{"rendered":"<p>IQA steht f\u00fcr&#8230; Gemeinsames Auftreten f\u00fcr Interessen und Forderungen gegen\u00fcber den Vertragspartnern. Unterst\u00fctzung bei Agenturgr\u00fcndung (z.B. Vertragsmodalit\u00e4ten) bei der Einstellung von PartneragentInnen f\u00fcr NeueinsteigerInnen Wir geben UNIQA Feedback zu geplanten \/ durchgef\u00fchrten Produktneuerungen \/ Vertrags\u00e4nderungen Erfahrungs- und Wissensaustausch zwischen den Mitgliedern Regelm\u00e4\u00dfige Information der Mitglieder via Newsletter und Online Ziel des Vereins (&#8230; das 3 [&hellip;]<\/p>\n","protected":false},"author":1,"featured_media":0,"parent":0,"menu_order":0,"comment_status":"closed","ping_status":"closed","template":"","meta":{"footnotes":""},"class_list":["post-6423","page","type-page","status-publish","hentry"],"_links":{"self":[{"href":"https:\/\/www.iqa.co.at\/verein\/wp-json\/wp\/v2\/pages\/6423","targetHints":{"allow":["GET"]}}],"collection":[{"href":"https:\/\/www.iqa.co.at\/verein\/wp-json\/wp\/v2\/pages"}],"about":[{"href":"https:\/\/www.iqa.co.at\/verein\/wp-json\/wp\/v2\/types\/page"}],"author":[{"embeddable":true,"href":"https:\/\/www.iqa.co.at\/verein\/wp-json\/wp\/v2\/users\/1"}],"replies":[{"embeddable":true,"href":"https:\/\/www.iqa.co.at\/verein\/wp-json\/wp\/v2\/comments?post=6423"}],"version-history":[{"count":1,"href":"https:\/\/www.iqa.co.at\/verein\/wp-json\/wp\/v2\/pages\/6423\/revisions"}],"predecessor-version":[{"id":8075,"href":"https:\/\/www.iqa.co.at\/verein\/wp-json\/wp\/v2\/pages\/6423\/revisions\/8075"}],"wp:attachment":[{"href":"https:\/\/www.iqa.co.at\/verein\/wp-json\/wp\/v2\/media?parent=6423"}],"curies":[{"name":"wp","href":"https:\/\/api.w.org\/{rel}","templated":true}]}}