{"id":8205,"date":"2026-03-10T07:12:45","date_gmt":"2026-03-10T06:12:45","guid":{"rendered":"https:\/\/www.iqa.co.at\/verein\/?page_id=8205"},"modified":"2026-03-10T14:29:24","modified_gmt":"2026-03-10T13:29:24","slug":"wo-drueckt-der-schuh","status":"publish","type":"page","link":"https:\/\/www.iqa.co.at\/verein\/dashboard\/wo-drueckt-der-schuh\/","title":{"rendered":"Wo dr\u00fcckt der Schuh?"},"content":{"rendered":"\t\t<div data-elementor-type=\"wp-page\" data-elementor-id=\"8205\" class=\"elementor elementor-8205\">\n\t\t\t\t<div class=\"elementor-element elementor-element-f632f59 e-flex e-con-boxed e-con e-parent\" data-id=\"f632f59\" data-element_type=\"container\" data-e-type=\"container\">\n\t\t\t\t\t<div class=\"e-con-inner\">\n\t\t\t\t<div class=\"elementor-element elementor-element-bba513a elementor-widget elementor-widget-image\" data-id=\"bba513a\" data-element_type=\"widget\" data-e-type=\"widget\" data-widget_type=\"image.default\">\n\t\t\t\t<div class=\"elementor-widget-container\">\n\t\t\t\t\t\t\t\t\t\t\t\t\t\t\t<img decoding=\"async\" width=\"109\" height=\"88\" src=\"https:\/\/www.iqa.co.at\/verein\/wp-content\/uploads\/2025\/03\/schuh.jpg\" class=\"attachment-large size-large wp-image-7382\" alt=\"\" \/>\t\t\t\t\t\t\t\t\t\t\t\t\t\t\t<\/div>\n\t\t\t\t<\/div>\n\t\t\t\t\t<\/div>\n\t\t\t\t<\/div>\n\t\t<div class=\"elementor-element elementor-element-f2142a6 e-flex e-con-boxed e-con e-parent\" data-id=\"f2142a6\" data-element_type=\"container\" data-e-type=\"container\">\n\t\t\t\t\t<div class=\"e-con-inner\">\n\t\t\t\t<div class=\"elementor-element elementor-element-6f70dda elementor-widget-divider--view-line elementor-widget elementor-widget-divider\" data-id=\"6f70dda\" data-element_type=\"widget\" data-e-type=\"widget\" data-widget_type=\"divider.default\">\n\t\t\t\t<div class=\"elementor-widget-container\">\n\t\t\t\t\t\t\t<div class=\"elementor-divider\">\n\t\t\t<span class=\"elementor-divider-separator\">\n\t\t\t\t\t\t<\/span>\n\t\t<\/div>\n\t\t\t\t\t\t<\/div>\n\t\t\t\t<\/div>\n\t\t\t\t<div class=\"elementor-element elementor-element-1c5a8a7 elementor-widget elementor-widget-text-editor\" data-id=\"1c5a8a7\" data-element_type=\"widget\" data-e-type=\"widget\" data-widget_type=\"text-editor.default\">\n\t\t\t\t<div class=\"elementor-widget-container\">\n\t\t\t\t\t\t\t\t\t<h5>Dieses Formular dient der Sammlung von Themen die dann mit der Zentrale in Wien besprochen werden.<\/h5><h5><span style=\"color: #ff0000;\">Die darin enthaltenen pers\u00f6nlichen Daten (siehe unten) werden ausschlie\u00dflich vereinsintern verwendet !!!<\/span><\/h5><h5>F\u00fcr pers\u00f6nliche Anfragen benutze bitte das\u00a0<a href=\"https:\/\/www.iqa.co.at\/verein\/kontakt\/\" target=\"_blank\" rel=\"noopener\">Kontaktformular<\/a><\/h5><div>\u00a0<\/div><h5>\t\t\t\t\t<script type=\"module\" src=\"https:\/\/cdn.jsdelivr.net\/npm\/@friendlycaptcha\/sdk@0.1.20\/site.min.js\" async defer><\/script>\n\t\t\t\t\t<script nomodule src=\"https:\/\/cdn.jsdelivr.net\/npm\/@friendlycaptcha\/sdk@0.1.20\/site.compat.min.js\" async defer><\/script>\n\t\t\t\t\t<form id=\"asverein_forms_form\" action=\"https:\/\/www.iqa.co.at\/verein\/wp-json\/wp\/v2\/pages\/8205\" method=\"post\" enctype=\"multipart\/form-data\">\n<div class=\"asverein-form-container\">\n<div class=\"row\">\n<div class=\"col-md-6\">\n<div class=\"form-group\">\n<label for=\"asverein_forms_field30\">Vorname:<\/label>\n<input class=\"form-control\" type=\"text\" id=\"asverein_forms_field30\" name=\"asverein_forms_field30\"\/>\n<br><span class=\"error\" id=\"asverein_forms_field30_error\"><\/span>\n<\/div>\n<\/div>\n<div class=\"col-md-6\">\n<div class=\"form-group\">\n<label for=\"asverein_forms_field3\">Name:<\/label>\n<input class=\"form-control\" type=\"text\" id=\"asverein_forms_field3\" name=\"asverein_forms_field3\"\/>\n<br><span class=\"error\" id=\"asverein_forms_field3_error\"><\/span>\n<\/div>\n<\/div>\n<div class=\"col-md-6\">\n<div class=\"form-group\">\n<label for=\"asverein_forms_field4\">E-Mail: *Pflichtfeld \/ Bitte gib hier Deine UNIQA-EMail ein.<\/label>\n<input class=\"form-control\" type=\"text\" id=\"asverein_forms_field4\" name=\"asverein_forms_field4\"\/>\n<br><span class=\"error\" id=\"asverein_forms_field4_error\"><\/span>\n<\/div>\n<\/div>\n<div class=\"col-md-6\">\n<div class=\"form-group\">\n<label for=\"asverein_forms_field19\">Telefon (optional):<\/label>\n<input class=\"form-control\" type=\"text\" id=\"asverein_forms_field19\" name=\"asverein_forms_field19\"\/>\n<br><span class=\"error\" id=\"asverein_forms_field19_error\"><\/span>\n<\/div>\n<\/div>\n<div class=\"col-md-6\">\n<div class=\"form-group\">\n<label for=\"asverein_forms_field7\">Bundesland:<\/label>\n<select class=\"form-control\" name=\"asverein_forms_field7\">\n<option value=\"Wien\r\">Wien\r<\/option>\n<option value=\"Nieder\u00f6sterreich\r\">Nieder\u00f6sterreich\r<\/option>\n<option value=\"Ober\u00f6sterreich\r\">Ober\u00f6sterreich\r<\/option>\n<option value=\"Salzburg\r\">Salzburg\r<\/option>\n<option value=\"Tirol\r\">Tirol\r<\/option>\n<option value=\"Vorarlberg\r\">Vorarlberg\r<\/option>\n<option value=\"Burgenland\r\">Burgenland\r<\/option>\n<option value=\"Steiermark\r\">Steiermark\r<\/option>\n<option value=\"K\u00e4rnten\">K\u00e4rnten<\/option>\n<\/select>\n<br><span class=\"error\" id=\"asverein_forms_field7_error\"><\/span>\n<\/div>\n<\/div>\n<\/div>\n<\/div>\n<div class=\"asverein-form-container\">\n<div class=\"col-md-12\">\n<h4>Bitte schreibe in jedes Feld nur ein Thema und w\u00e4hle einen passenden Bereich aus\r\n<\/h4>\n<\/div>\n<div class=\"row\">\n<div class=\"col-md-12\">\n<div class=\"form-group\">\n<label for=\"asverein_forms_field25\">W\u00e4hle einen passenden Bereich oder Keine Auswahl:<\/label>\n<select class=\"form-control\" name=\"asverein_forms_field25\">\n<option value=\"Keine Auswahl\r\">Keine Auswahl\r<\/option>\n<option value=\"KFZ Leistung\r\">KFZ Leistung\r<\/option>\n<option value=\"KFZ Vertrag\r\">KFZ Vertrag\r<\/option>\n<option value=\"KOMMUNIKATION\r\">KOMMUNIKATION\r<\/option>\n<option value=\"KRANKEN Leistung\r\">KRANKEN Leistung\r<\/option>\n<option value=\"KRANKEN Vertrag\r\">KRANKEN Vertrag\r<\/option>\n<option value=\"LEBEN Leistung\r\">LEBEN Leistung\r<\/option>\n<option value=\"LEBEN Vertrag\r\">LEBEN Vertrag\r<\/option>\n<option value=\"RATING\r\">RATING\r<\/option>\n<option value=\"U.CRM\r\">U.CRM\r<\/option>\n<option value=\"UNFALL Leistung\r\">UNFALL Leistung\r<\/option>\n<option value=\"UNFALL Vertrag\">UNFALL Vertrag<\/option>\n<\/select>\n<br><span class=\"error\" id=\"asverein_forms_field25_error\"><\/span>\n<\/div>\n<\/div>\n<div class=\"col-md-12\">\n<div class=\"form-group\">\n<label for=\"asverein_forms_field1\">Welches Thema besch\u00e4ftigt dich? *Pflichtfeld \/ Feld darf nicht leer sein<\/label>\n<textarea id=\"asverein_forms_field1\" name=\"asverein_forms_field1\" class=\"form-control\" cols=\"80\" rows=\"7\"><\/textarea>\n<br><span class=\"error\" id=\"asverein_forms_field1_error\"><\/span>\n<\/div>\n<\/div>\n<div class=\"col-md-12\">\n<div class=\"form-group\">\n<label for=\"asverein_forms_field26\">W\u00e4hle einen passenden Bereich oder Keine Auswahl:<\/label>\n<select class=\"form-control\" name=\"asverein_forms_field26\">\n<option value=\"Keine Auswahl\r\">Keine Auswahl\r<\/option>\n<option value=\"KFZ Leistung\r\">KFZ Leistung\r<\/option>\n<option value=\"KFZ Vertrag\r\">KFZ Vertrag\r<\/option>\n<option value=\"KOMMUNIKATION\r\">KOMMUNIKATION\r<\/option>\n<option value=\"KRANKEN Leistung\r\">KRANKEN Leistung\r<\/option>\n<option value=\"KRANKEN Vertrag\r\">KRANKEN Vertrag\r<\/option>\n<option value=\"LEBEN Leistung\r\">LEBEN Leistung\r<\/option>\n<option value=\"LEBEN Vertrag\r\">LEBEN Vertrag\r<\/option>\n<option value=\"RATING\r\">RATING\r<\/option>\n<option value=\"U.CRM\r\">U.CRM\r<\/option>\n<option value=\"UNFALL Leistung\r\">UNFALL Leistung\r<\/option>\n<option value=\"UNFALL Vertrag\">UNFALL Vertrag<\/option>\n<\/select>\n<br><span class=\"error\" id=\"asverein_forms_field26_error\"><\/span>\n<\/div>\n<\/div>\n<div class=\"col-md-12\">\n<div class=\"form-group\">\n<label for=\"asverein_forms_field20\">Welches Thema besch\u00e4ftigt dich? <\/label>\n<textarea id=\"asverein_forms_field20\" name=\"asverein_forms_field20\" class=\"form-control\" cols=\"80\" rows=\"7\"><\/textarea>\n<br><span class=\"error\" id=\"asverein_forms_field20_error\"><\/span>\n<\/div>\n<\/div>\n<div class=\"col-md-12\">\n<div class=\"form-group\">\n<label for=\"asverein_forms_field27\">W\u00e4hle einen passenden Bereich oder Keine Auswahl:<\/label>\n<select class=\"form-control\" name=\"asverein_forms_field27\">\n<option value=\"Keine Auswahl\r\">Keine Auswahl\r<\/option>\n<option value=\"KFZ Leistung\r\">KFZ Leistung\r<\/option>\n<option value=\"KFZ Vertrag\r\">KFZ Vertrag\r<\/option>\n<option value=\"KOMMUNIKATION\r\">KOMMUNIKATION\r<\/option>\n<option value=\"KRANKEN Leistung\r\">KRANKEN Leistung\r<\/option>\n<option value=\"KRANKEN Vertrag\r\">KRANKEN Vertrag\r<\/option>\n<option value=\"LEBEN Leistung\r\">LEBEN Leistung\r<\/option>\n<option value=\"LEBEN Vertrag\r\">LEBEN Vertrag\r<\/option>\n<option value=\"RATING\r\">RATING\r<\/option>\n<option value=\"U.CRM\r\">U.CRM\r<\/option>\n<option value=\"UNFALL Leistung\r\">UNFALL Leistung\r<\/option>\n<option value=\"UNFALL Vertrag\">UNFALL Vertrag<\/option>\n<\/select>\n<br><span class=\"error\" id=\"asverein_forms_field27_error\"><\/span>\n<\/div>\n<\/div>\n<div class=\"col-md-12\">\n<div class=\"form-group\">\n<label for=\"asverein_forms_field21\">Welches Thema besch\u00e4ftigt dich? <\/label>\n<textarea id=\"asverein_forms_field21\" name=\"asverein_forms_field21\" class=\"form-control\" cols=\"80\" rows=\"7\"><\/textarea>\n<br><span class=\"error\" id=\"asverein_forms_field21_error\"><\/span>\n<\/div>\n<\/div>\n<\/div>\n<\/div>\n<div class=\"col-md-12\">\n<div class=\"form-group\">\n<label for=\"asverein_forms_field.5\">Anhang hochladen:<\/label>\n<input class=\"form-control\" type=\"file\" id=\"asverein_forms_field5\" name=\"asverein_forms_field5\"\/>\n<br><span class=\"error\" id=\"asverein_forms_field5_error\"><\/span>\n<\/div>\n<\/div>\n<div class=\"col-md-12\">\n&nbsp;<\/br>\n<div class=\"frc-captcha\" data-sitekey=\"FCMNRNQVVLEHKDO0\"><\/div>\n&nbsp;<\/br>\n<div class=\"form-group\">\n<input type=\"hidden\" name=\"action\" value=\"asverein_forms_save\">\n<button type=\"submit\" class=\"btn btn-primary\">Absenden<\/button>\n<\/div>\n<\/div>\n<\/form>\n\t\t\t\t\n\t\t\t\t<script language=\"javascript\">\n\t\t\t\t\n\t\t\t\t    \t\t\t\n\t    \t\t\tjQuery(document).ready(function()\n\t\t\t\t\t{\n  \t\t\t\t\t\tjQuery('#asverein_forms_form').submit(function(e)\n  \t\t\t\t\t\t{  \n  \t\t\t\t\t\t\t\t\t\t\t\n  \t\t\t\n  \t\t\t\n\t\t\t\t\n  \t\t\t\t\t\n    \t\t\t\t\tvar error=0;\t\n   \t\t\t\t\t\t\n   \t\t\t\t\t\t    \t\t\t\t\t\t\tvar asverein_forms_field4 =\tjQuery('#asverein_forms_field4').val();\n    \t\t\t\t\t\t\t\n    \t\t\t\t\t\t\t\n    \t\t\t\t\t\t\tif(asverein_forms_field4.length < 1)\n    \t\t\t\t\t\t\t{      \t\t\t\n      \t\t\t\t\t\t\t\tjQuery('#asverein_forms_field4_error').html('Bitte f&uuml;llen Sie dieses Feld aus!');\n      \t\t\t\t\t\t\t\terror=1;\n\t\t    \t\t\t\t\t}else\n    \t\t\t\t\t\t\t{\n\t\t\t\t\t\t\t\t\tjQuery('#asverein_forms_field4_error').html('');\n\t\t\t\t\t\t\t\t}\n\t\t\t\t\t\t\t\t\n\t\t\t\t\t\t\t\t    \t\t\t\t\t\t\tvar asverein_forms_field1 =\tjQuery('#asverein_forms_field1').val();\n    \t\t\t\t\t\t\t\n    \t\t\t\t\t\t\t\n    \t\t\t\t\t\t\tif(asverein_forms_field1.length < 1)\n    \t\t\t\t\t\t\t{      \t\t\t\n      \t\t\t\t\t\t\t\tjQuery('#asverein_forms_field1_error').html('Bitte f&uuml;llen Sie dieses Feld aus!');\n      \t\t\t\t\t\t\t\terror=1;\n\t\t    \t\t\t\t\t}else\n    \t\t\t\t\t\t\t{\n\t\t\t\t\t\t\t\t\tjQuery('#asverein_forms_field1_error').html('');\n\t\t\t\t\t\t\t\t}\n\t\t\t\t\t\t\t\t\n\t\t\t\t\t\t\t\t\t\t\t\t\t\t\t\n\t\t\t\t\t\t\t\t\t\t\t\tif(error==0)\n    \t\t\t\t\t{\n\t\t\t\t\t\t\t\/\/document.getElementById(\"asverein_register_form\").submit();\n\t\t\t\t\t\t}else\n\t\t\t\t\t\t{\n\t\t\t\t\t\t\te.preventDefault();\n\t\t\t\t\t\t}\n    \t\t\t\n\t\t\t\t\t});\n\t\t\t\t});\n\t\t\t\t\n    \n\t    \t\t\t<\/script>\n\t    \t\n\t    \t\n\t    \t\n\t    \t\t\t<\/h5>\t\t\t\t\t\t\t\t<\/div>\n\t\t\t\t<\/div>\n\t\t\t\t<div class=\"elementor-element elementor-element-9bcd755 elementor-widget elementor-widget-spacer\" data-id=\"9bcd755\" data-element_type=\"widget\" data-e-type=\"widget\" data-widget_type=\"spacer.default\">\n\t\t\t\t<div class=\"elementor-widget-container\">\n\t\t\t\t\t\t\t<div class=\"elementor-spacer\">\n\t\t\t<div class=\"elementor-spacer-inner\"><\/div>\n\t\t<\/div>\n\t\t\t\t\t\t<\/div>\n\t\t\t\t<\/div>\n\t\t\t\t\t<\/div>\n\t\t\t\t<\/div>\n\t\t<div class=\"elementor-element elementor-element-0764544 e-flex e-con-boxed e-con e-parent\" data-id=\"0764544\" data-element_type=\"container\" data-e-type=\"container\">\n\t\t\t\t\t<div class=\"e-con-inner\">\n\t\t\t\t\t<\/div>\n\t\t\t\t<\/div>\n\t\t\t\t<\/div>\n\t\t","protected":false},"excerpt":{"rendered":"<p>Dieses Formular dient der Sammlung von Themen die dann mit der Zentrale in Wien besprochen werden. Die darin enthaltenen pers\u00f6nlichen Daten (siehe unten) werden ausschlie\u00dflich vereinsintern verwendet !!! F\u00fcr pers\u00f6nliche Anfragen benutze bitte das\u00a0Kontaktformular \u00a0<\/p>\n","protected":false},"author":1,"featured_media":0,"parent":28,"menu_order":0,"comment_status":"closed","ping_status":"closed","template":"","meta":{"footnotes":""},"class_list":["post-8205","page","type-page","status-publish","hentry"],"_links":{"self":[{"href":"https:\/\/www.iqa.co.at\/verein\/wp-json\/wp\/v2\/pages\/8205","targetHints":{"allow":["GET"]}}],"collection":[{"href":"https:\/\/www.iqa.co.at\/verein\/wp-json\/wp\/v2\/pages"}],"about":[{"href":"https:\/\/www.iqa.co.at\/verein\/wp-json\/wp\/v2\/types\/page"}],"author":[{"embeddable":true,"href":"https:\/\/www.iqa.co.at\/verein\/wp-json\/wp\/v2\/users\/1"}],"replies":[{"embeddable":true,"href":"https:\/\/www.iqa.co.at\/verein\/wp-json\/wp\/v2\/comments?post=8205"}],"version-history":[{"count":1,"href":"https:\/\/www.iqa.co.at\/verein\/wp-json\/wp\/v2\/pages\/8205\/revisions"}],"predecessor-version":[{"id":8257,"href":"https:\/\/www.iqa.co.at\/verein\/wp-json\/wp\/v2\/pages\/8205\/revisions\/8257"}],"up":[{"embeddable":true,"href":"https:\/\/www.iqa.co.at\/verein\/wp-json\/wp\/v2\/pages\/28"}],"wp:attachment":[{"href":"https:\/\/www.iqa.co.at\/verein\/wp-json\/wp\/v2\/media?parent=8205"}],"curies":[{"name":"wp","href":"https:\/\/api.w.org\/{rel}","templated":true}]}}